{"id":115,"date":"2022-01-26T12:17:13","date_gmt":"2022-01-26T12:17:13","guid":{"rendered":"http:\/\/www.sakaconsulting.com\/customs-and-trade-compliance\/"},"modified":"2022-03-30T06:11:42","modified_gmt":"2022-03-30T06:11:42","slug":"gumruk-ve-dis-ticaret-uyumu","status":"publish","type":"page","link":"https:\/\/www.sakaconsulting.com\/tr\/gumruk-ve-dis-ticaret-uyumu\/","title":{"rendered":"G\u00fcmr\u00fck ve D\u0131\u015f Ticaret Uyumu"},"content":{"rendered":"<p>\u0130thalat ve ihracat\u00e7\u0131 firmalar kadar ulusal tedarik zincirinde yer alan t\u00fcm akt\u00f6rlerin ba\u015fta g\u00fcmr\u00fck mevzuat\u0131 olmak \u00fczere d\u0131\u015f ticareti d\u00fczenleyen ulusal ve uluslararas\u0131 ba\u011flay\u0131c\u0131 mevzuatlara uyumu son derece \u00f6nemli olup, bu alandaki hatalar\u0131n bazen firmalar\u0131n, firma y\u00f6neticilerinin ve sahiplerinin bazen \u00e7ok a\u011f\u0131r idari ve cezai m\u00fceyyidelere muhatap olmas\u0131na neden olmaktad\u0131r. \u00d6zellikle, BM G\u00fcvenlik Konseyi ba\u015fta olmak \u00fczere uluslararas\u0131 kurulu\u015flar yan\u0131nda baz\u0131 \u00fclkeler taraf\u0131ndan getirilen tek tarafl\u0131 ba\u011flay\u0131c\u0131 d\u00fczenlemeler ve k\u0131s\u0131tlamalar d\u0131\u015f ticaret alan\u0131ndaki uyum ve fark\u0131ndal\u0131\u011f\u0131n \u00f6nemini ve boyutunu artt\u0131rmaktad\u0131r.<\/p>\n<p>Bu fark\u0131ndal\u0131k ve uyum zorunlulu\u011fu, d\u0131\u015f ticaret sekt\u00f6r\u00fcnde ve uluslararas\u0131 tedarik zincirinde yer alan t\u00fcm kamu ve \u00f6zel sekt\u00f6r payda\u015flar\u0131n\u0131n her t\u00fcrl\u00fc kurum i\u00e7i ve d\u0131\u015f\u0131 \u00f6nlemleri almay\u0131 ve en \u00f6nemlisi gerekir ise, d\u0131\u015far\u0131dan profesyonel uzman yard\u0131m\u0131 ve deste\u011fi almay\u0131 gerektirebilmektedir.<\/p>\n<p>D\u0131\u015f kaynaklardan al\u0131nacak profesyonel uzman dan\u0131\u015fmanl\u0131k hizmetleri, ayr\u0131ca \u00fclke g\u00fcvenli\u011fi, halk ve \u00e7evre sa\u011fl\u0131\u011f\u0131n\u0131 tehdit eden (\u00f6rne\u011fin; uyu\u015fturucu, sahte ve taklit mallar, radyoaktif madde, tarihi ve k\u00fclt\u00fcrel varl\u0131k ka\u00e7ak\u00e7\u0131l\u0131\u011f\u0131) geleneksel ka\u00e7ak\u00e7\u0131l\u0131k t\u00fcrleri yan\u0131nda yeni ortaya \u00e7\u0131kan s\u0131n\u0131r \u00f6tesi ve organize su\u00e7larla (\u00f6rne\u011fin; insan ve g\u00f6\u00e7men ka\u00e7ak\u00e7\u0131l\u0131\u011f\u0131) m\u00fccadele alanlar\u0131n\u0131 da kapsamaktad\u0131r.<\/p>\n<p>Bu alanda \u00f6zellikle g\u00fcmr\u00fck ve di\u011fer s\u0131n\u0131r kolluk g\u00fc\u00e7lerinin kendi personellerinin \u00a0mesleki bilgi ve tecr\u00fcbesini artt\u0131rmaya y\u00f6nelik\u00a0 e\u011fitimlerden risk ve el koyma olaylar\u0131n\u0131n analizlerine kadar geni\u015f bir alanda d\u0131\u015far\u0131dan profesyonel dan\u0131\u015fmanl\u0131k ve e\u011fitim hizmetlerinden yararland\u0131\u011f\u0131 g\u00f6r\u00fclmektedir.<\/p>\n<p>\u015eirketimiz, uluslararas\u0131 tecr\u00fcbeye sahip dan\u0131\u015fmalar\u0131yla, uluslararas\u0131 kurulu\u015flara, h\u00fck\u00fcmetlere, bakanl\u0131klara, g\u00fcmr\u00fck ve di\u011fer kolluk g\u00fc\u00e7lerine, i\u015f d\u00fcnyas\u0131na gerek proje partneri gerekse do\u011frudan do\u011fruya a\u015fa\u011f\u0131daki dan\u0131\u015fmanl\u0131k hizmeti vermektedir.<\/p>\n<p><strong>1. \u0130HT\u0130YA\u00c7\u00a0 BO\u015eLUK ANAL\u0130ZLER\u0130 VE TAVS\u0130YELER<\/strong><\/p>\n<ul>\n<li>G\u00dcMR\u00dcK VE T\u0130CAR\u0130 UYUM PROGRAMI<\/li>\n<li>G\u00dcMR\u00dcK VE T\u0130CAR\u0130 UYUMA Y\u00d6NEL\u0130K \u0130\u00c7 ve DI\u015e R\u0130SKLER<\/li>\n<li>YASAL VE \u0130DAR\u0130 \u00c7ERCEVE<\/li>\n<li>KURUMSAL \u00c7ERCEVE<\/li>\n<li>FARKINDALIK STRATEJES\u0130 VE UYGULAMASI<\/li>\n<li>KAMU VE \u00d6ZEL SEKT\u00d6R \u0130\u015e B\u0130RL\u0130\u011e\u0130<\/li>\n<li>PAYDA\u015e \u0130\u015eB\u0130RL\u0130\u011e\u0130 STRATEJES\u0130<\/li>\n<li>ULUSAL VE KURUMSAL KA\u00c7AK\u00c7ILIKLA M\u00dcCADELE STRATEJ\u0130S\u0130<\/li>\n<li>ULUSAL VE KURUMSAL KA\u00c7AK\u00c7ILIKLA M\u00dcCADELE KAPAS\u0130TES\u0130<\/li>\n<\/ul>\n<p><strong>2. T\u0130CARETTE UYUMUN ULUSLARARASI \u00c7ERCEVES\u0130 VE EN \u0130Y\u0130 UYGULAMALAR<\/strong><\/p>\n<p><strong>3.T\u0130CARET\u0130N KOLAYLA\u015eTIRILMASI YOL HAR\u0130TASI VE BA\u015eARI KR\u0130TERLER\u0130<\/strong><\/p>\n<p><strong>4. \u0130HRACAT KONTROL REJ\u0130M\u0130 VE EN \u0130Y\u0130 UYGULAMALAR<\/strong><\/p>\n<p><strong>5. STRATEJ\u0130K E\u015eYA T\u0130CARET\u0130 KONTROL\u00dc VE EN \u0130Y\u0130 UYGULAMALAR<\/strong><\/p>\n<p><strong>6. SINIR \u00d6TES\u0130 SU\u00c7LAR VE KA\u00c7AK\u00c7ILIKLA M\u00dcCADELEDE E\u011e\u0130T\u0130M VE EN \u0130Y\u0130 UYGULAMALAR DESTE\u011e\u0130 <\/strong><\/p>\n<p>\u00d6rne\u011fin:<\/p>\n<ul>\n<li>\u0130NSAN KA\u00c7AK\u00c7ILI\u011eI<\/li>\n<li>YASADI\u015eI G\u00d6\u00c7<\/li>\n<li>UYU\u015eTURUCU MADDELER<\/li>\n<li>RADYOAKT\u0130F VE N\u00dcKLEER MADDELER<\/li>\n<li>ATE\u015eL\u0130 S\u0130LAHLAR VE M\u00dcH\u0130MMAT<\/li>\n<li>K\u00dcLT\u00dcREL VE TAR\u0130H\u0130 E\u015eYALAR<\/li>\n<li>NESL\u0130 TEHL\u0130KE ALTINDA OLAN YABAN\u0130 HAYVAN VE B\u0130TK\u0130 T\u00dcRLER\u0130<\/li>\n<li>KARA PARA AKLAMA VE NAK\u0130T PARA TRAF\u0130\u011e\u0130<\/li>\n<li>SAHTE VE TAKL\u0130T E\u015eYA KA\u00c7AK\u00c7ILI\u011eI<\/li>\n<li>KIYMETL\u0130 MADEN VE M\u00dcCEVHER KA\u00c7AK\u00c7ILI\u011eI<\/li>\n<li>S\u0130GARA ve ALKOL KA\u00c7AK\u00c7ILI\u011eI<\/li>\n<\/ul>\n<p><strong>7. YEN\u0130 ORTAYA \u00c7IKAN SINIR \u00d6TES\u0130 SU\u00c7LAR <\/strong><\/p>\n<p><strong>8. ORGAN\u0130ZE SU\u00c7LAR<\/strong><\/p>\n<p><strong>9. G\u00dcMR\u00dcK VE D\u0130\u011eER KOLLUK KUVVETLER\u0130N\u0130N KA\u00c7AK\u00c7ILIK VE SINIR\u00d6TES\u0130 SU\u00c7LARLA M\u00dcCADELE<\/strong><\/p>\n<ul>\n<li>A\u00c7IK KAYNAKLAR<\/li>\n<li>ULUSLARARASI VER\u0130 VE VER\u0130 DE\u011e\u0130\u015e\u0130M KAYNAKLARI<\/li>\n<li>VER\u0130 ANAL\u0130Z\u0130<\/li>\n<li>\u0130HBARCI Y\u00d6NET\u0130M\u0130<\/li>\n<li>M\u00dcLAKAT TEKN\u0130KLER\u0130<\/li>\n<li>SORU\u015eTURMA TEKN\u0130KLER\u0130<\/li>\n<li>BEDEN D\u0130L\u0130 OKUMA<\/li>\n<li>G\u00d6ZLEM TEKN\u0130KLER\u0130<\/li>\n<li>SORU\u015eTURMA RAPOR TEKN\u0130KLER\u0130<\/li>\n<li>YAKALAMA OLAYLARI ANAL\u0130Z\u0130<\/li>\n<\/ul>\n<p><strong>10. E\u011e\u0130T\u0130M, \u00c7ALI\u015eTAY VE KONFERANS DESTE\u011e\u0130<\/strong><\/p>\n<ul>\n<li>E\u011e\u0130T\u0130M PROGRAMLARININ GEL\u0130\u015eT\u0130R\u0130LMES\u0130<\/li>\n<li>E\u011e\u0130T\u0130MC\u0130 VE KATILIMCILAR \u0130\u00c7\u0130N EL K\u0130TABI<\/li>\n<li>DERS PLANLARININ OLU\u015eTURULMASI<\/li>\n<li>DERS MATERYALLARININ OLU\u015eTURULMASI<\/li>\n<li>B\u0130REYSEL VE GRUP \u00c7ALI\u015eMALARI \u0130\u00c7\u0130N \u00d6RNEK OLAYLAR<\/li>\n<li>B\u0130REYSEL VE GRUP \u00c7ALI\u015eMALARI \u0130\u00c7\u0130N SENARYO YAZILIMI<\/li>\n<li>TEMEL VE \u0130LER\u0130 D\u00dcZEY KURSLAR (E\u011e\u0130T\u0130C\u0130LER\u0130N E\u011e\u0130T\u0130M\u0130 KURSU DAH\u0130L)<\/li>\n<li>SINIF E\u011e\u0130T\u0130MLER\u0130 VE \u00c7ALI\u015eTAYLAR D\u00dcZENLENMES\u0130 (\u00c7EVR\u0130M \u0130\u00c7\u0130 VEYA Y\u00dcZY\u00dcZE)<\/li>\n<\/ul>\n","protected":false},"excerpt":{"rendered":"<p>\u0130thalat ve ihracat\u00e7\u0131 firmalar kadar ulusal tedarik zincirinde yer alan t\u00fcm akt\u00f6rlerin ba\u015fta g\u00fcmr\u00fck mevzuat\u0131 olmak \u00fczere d\u0131\u015f ticareti d\u00fczenleyen ulusal ve uluslararas\u0131 ba\u011flay\u0131c\u0131 mevzuatlara uyumu<span class=\"excerpt-hellip\"> [\u2026]<\/span><\/p>\n","protected":false},"author":1,"featured_media":0,"parent":0,"menu_order":0,"comment_status":"closed","ping_status":"closed","template":"","meta":{"rs_blank_template":"","rs_page_bg_color":"","slide_template_v7":"","footnotes":""},"class_list":["post-115","page","type-page","status-publish","hentry"],"_links":{"self":[{"href":"https:\/\/www.sakaconsulting.com\/tr\/wp-json\/wp\/v2\/pages\/115","targetHints":{"allow":["GET"]}}],"collection":[{"href":"https:\/\/www.sakaconsulting.com\/tr\/wp-json\/wp\/v2\/pages"}],"about":[{"href":"https:\/\/www.sakaconsulting.com\/tr\/wp-json\/wp\/v2\/types\/page"}],"author":[{"embeddable":true,"href":"https:\/\/www.sakaconsulting.com\/tr\/wp-json\/wp\/v2\/users\/1"}],"replies":[{"embeddable":true,"href":"https:\/\/www.sakaconsulting.com\/tr\/wp-json\/wp\/v2\/comments?post=115"}],"version-history":[{"count":0,"href":"https:\/\/www.sakaconsulting.com\/tr\/wp-json\/wp\/v2\/pages\/115\/revisions"}],"wp:attachment":[{"href":"https:\/\/www.sakaconsulting.com\/tr\/wp-json\/wp\/v2\/media?parent=115"}],"curies":[{"name":"wp","href":"https:\/\/api.w.org\/{rel}","templated":true}]}}