{"id":119,"date":"2022-01-26T12:18:43","date_gmt":"2022-01-26T12:18:43","guid":{"rendered":"http:\/\/www.sakaconsulting.com\/training-and-workshops\/"},"modified":"2022-03-24T06:16:18","modified_gmt":"2022-03-24T06:16:18","slug":"egitim-ve-calistay-destekleri","status":"publish","type":"page","link":"https:\/\/www.sakaconsulting.com\/tr\/egitim-ve-calistay-destekleri\/","title":{"rendered":"E\u011fitim ve \u00c7al\u0131\u015ftay Destekleri"},"content":{"rendered":"<p>Firmam\u0131z, uluslararas\u0131 deneyime sahip ekip arkada\u015flar\u0131m\u0131zla, uluslararas\u0131 kurulu\u015flara, h\u00fck\u00fcmetlere, bakanl\u0131klara, i\u015f d\u00fcnyas\u0131na, g\u00fcmr\u00fck ve di\u011fer kolluk g\u00fc\u00e7leri ile\u00a0 faaliyet alanlar\u0131m\u0131zda kalan projelere finansman sa\u011flayan kurum ve kurulu\u015flara a\u015fa\u011f\u0131da detay\u0131 verilen e\u011fitim, \u00e7al\u0131\u015ftay ve konferans deste\u011fi sunmaktad\u0131r.<\/p>\n<p><strong>1. E\u011e\u0130T\u0130M PROGRAM VE KAPAS\u0130TES\u0130N\u0130N DE\u011eERLEND\u0130R\u0130LMES\u0130<\/strong><\/p>\n<ul>\n<li>BO\u015eLUK VE \u0130HT\u0130YA\u00c7 ANAL\u0130Z\u0130<\/li>\n<li>TEMEL VE H\u0130ZMET\u0130\u00c7\u0130 E\u011e\u0130T\u0130M PLANLAMASI<\/li>\n<li>E\u011e\u0130T\u0130MC\u0130 PLANLAMASI VE YET\u0130\u015eT\u0130R\u0130LMES\u0130<\/li>\n<li>ULUSAL VE ULUSLARARASI E\u011e\u0130T\u0130M FIRSATLARI<\/li>\n<li>STANDARTLAR VE EN \u0130Y\u0130 UYGULAMA \u00d6RNEKLER\u0130<\/li>\n<\/ul>\n<p><strong>2. E\u011e\u0130T\u0130M, \u00c7ALI\u015eTAY ve KONFERANS DESTE\u011e\u0130<\/strong><\/p>\n<ul>\n<li>E\u011e\u0130T\u0130M PROGRAMLARININ GEL\u0130\u015eT\u0130R\u0130LMES\u0130<\/li>\n<li>E\u011e\u0130T\u0130MC\u0130 VE KATILIMCILAR \u0130\u00c7\u0130N EL K\u0130TABI<\/li>\n<li>DERS PLANLARININ OLU\u015eTURULMASI<\/li>\n<li>DERS MATERYALLARININ OLU\u015eTURULMASI<\/li>\n<li>B\u0130REYSEL VE GRUP \u00c7ALI\u015eMALARI \u0130\u00c7\u0130N \u00d6RNEK OLAYLAR<\/li>\n<li>B\u0130REYSEL VE GRUP \u00c7ALI\u015eMALARI \u0130\u00c7\u0130N SENARYO YAZILIMI<\/li>\n<li>TEMEL VE \u0130LER\u0130 D\u00dcZEY KURSLAR (E\u011e\u0130T\u0130C\u0130LER\u0130N E\u011e\u0130T\u0130M\u0130 KURSU DAH\u0130L)<\/li>\n<li>SINIF E\u011e\u0130T\u0130MLER\u0130 VE \u00c7ALI\u015eTAYLAR D\u00dcZENLENMES\u0130 (\u00c7EVR\u0130M \u0130\u00c7\u0130 VEYA Y\u00dcZY\u00dcZE)<\/li>\n<\/ul>\n","protected":false},"excerpt":{"rendered":"<p>Firmam\u0131z, uluslararas\u0131 deneyime sahip ekip arkada\u015flar\u0131m\u0131zla, uluslararas\u0131 kurulu\u015flara, h\u00fck\u00fcmetlere, bakanl\u0131klara, i\u015f d\u00fcnyas\u0131na, g\u00fcmr\u00fck ve di\u011fer kolluk g\u00fc\u00e7leri ile\u00a0 faaliyet alanlar\u0131m\u0131zda kalan projelere finansman sa\u011flayan kurum ve<span class=\"excerpt-hellip\"> [\u2026]<\/span><\/p>\n","protected":false},"author":1,"featured_media":0,"parent":0,"menu_order":0,"comment_status":"closed","ping_status":"closed","template":"","meta":{"rs_blank_template":"","rs_page_bg_color":"","slide_template_v7":"","footnotes":""},"class_list":["post-119","page","type-page","status-publish","hentry"],"_links":{"self":[{"href":"https:\/\/www.sakaconsulting.com\/tr\/wp-json\/wp\/v2\/pages\/119","targetHints":{"allow":["GET"]}}],"collection":[{"href":"https:\/\/www.sakaconsulting.com\/tr\/wp-json\/wp\/v2\/pages"}],"about":[{"href":"https:\/\/www.sakaconsulting.com\/tr\/wp-json\/wp\/v2\/types\/page"}],"author":[{"embeddable":true,"href":"https:\/\/www.sakaconsulting.com\/tr\/wp-json\/wp\/v2\/users\/1"}],"replies":[{"embeddable":true,"href":"https:\/\/www.sakaconsulting.com\/tr\/wp-json\/wp\/v2\/comments?post=119"}],"version-history":[{"count":0,"href":"https:\/\/www.sakaconsulting.com\/tr\/wp-json\/wp\/v2\/pages\/119\/revisions"}],"wp:attachment":[{"href":"https:\/\/www.sakaconsulting.com\/tr\/wp-json\/wp\/v2\/media?parent=119"}],"curies":[{"name":"wp","href":"https:\/\/api.w.org\/{rel}","templated":true}]}}