{"id":38,"date":"2022-01-20T12:21:48","date_gmt":"2022-01-20T12:21:48","guid":{"rendered":"http:\/\/www.sakaconsulting.com\/about-us\/"},"modified":"2022-03-28T06:36:29","modified_gmt":"2022-03-28T06:36:29","slug":"hakkimizda","status":"publish","type":"page","link":"https:\/\/www.sakaconsulting.com\/tr\/hakkimizda\/","title":{"rendered":"Hakk\u0131m\u0131zda"},"content":{"rendered":"<p>Ercan Saka G\u00fcmr\u00fck ve D\u0131\u015f Ticaret Dan\u0131\u015fmanl\u0131\u011f\u0131 k\u0131saca Saka Dan\u0131\u015fmanl\u0131k kurucusu Ercan Saka\u2019n\u0131n \u00f6nc\u00fcl\u00fc\u011f\u00fcnde, sayg\u0131de\u011fer ve konular\u0131nda uzman tecr\u00fcbeli tak\u0131m arkada\u015flar\u0131 ile birlikte,<\/p>\n<ul>\n<li>G\u00fcmr\u00fck prosed\u00fcrleri ve kontrolleri<\/li>\n<li>G\u00fcmr\u00fck ve ticaret mevzuatlar\u0131na uyum<\/li>\n<li>Ticari kolayl\u0131klar ve te\u015fvikler<\/li>\n<li>Entegre s\u0131n\u0131r y\u00f6netimi<\/li>\n<li>Pazar veri ve analizleri<\/li>\n<li>Risk analizi ve risk y\u00f6netimi<\/li>\n<li>S\u0131n\u0131r \u00f6tesi su\u00e7larla m\u00fccadele<\/li>\n<li>Proje geli\u015ftirme ve y\u00f6netimi teknikleri<\/li>\n<li>E\u011fitim ve E\u011fitim kapasitesinin artt\u0131r\u0131lmas\u0131<\/li>\n<\/ul>\n<p>Alanlar\u0131nda uluslararas\u0131 standartlar ve en iyi uygulamalar\u0131 esas alarak, yasal, idari, teknik alanlarda bo\u015fluk ve ihtiya\u00e7 analizlerinden kamu ve \u00f6zel sekt\u00f6r personelinin bilgi ve tecr\u00fcbesini artt\u0131racak e\u011fitim ve \u00e7al\u0131\u015ftay deste\u011fine kadar uzanan \u00e7ok geni\u015f bir alanda dan\u0131\u015fmanl\u0131k hizmetleri vermektedir. Dan\u0131\u015fmanl\u0131k hizmetimiz esas itibariyle,<\/p>\n<ul>\n<li>Uluslararas\u0131 kurulu\u015flar<\/li>\n<li>Ulusal ve uluslararas\u0131 g\u00fcmr\u00fck d\u00fcnyas\u0131<\/li>\n<li>Ulusal ve Uluslararas\u0131 i\u015f d\u00fcnyas\u0131<\/li>\n<li>Ka\u00e7ak\u00e7\u0131l\u0131kla m\u00fccadeleci birimler<\/li>\n<li>\u00dclke s\u0131n\u0131r kap\u0131lar\u0131nda g\u00f6revli birimler ile<\/li>\n<li>Proje geli\u015ftirme, finansman\u0131 ve y\u00f6netimi i\u015flevinde bulunan firma, kurum ve kurulu\u015flara y\u00f6neliktir.<\/li>\n<\/ul>\n<p>Di\u011fer yandan, her biri kendi alan\u0131nda ve konusunda uzman, ulusal ve uluslararas\u0131 tecr\u00fcbelere sahip, farkl\u0131 ulusal ve uluslararas\u0131 kurumlarla \u00e7al\u0131\u015fm\u0131\u015f, kalk\u0131nma d\u00fczeyi \u00e7ok farkl\u0131 b\u00f6lge ve \u00fclkelerde hizmet vermi\u015f sayg\u0131de\u011fer \u00e7al\u0131\u015fma arkada\u015flar\u0131 \u015firketimizin en b\u00fcy\u00fck avantaj\u0131d\u0131r.<\/p>\n<p><strong>Vizyonumuz:<\/strong><\/p>\n<p>Saka Dan\u0131\u015fmanl\u0131k \u015firketi olarak, g\u00fcmr\u00fck ve d\u0131\u015f ticaret alan\u0131nda gerek kamu ve gerekse \u00f6zel sekt\u00f6r m\u00fc\u015fterilerine kaliteli, g\u00fcncel, uluslararas\u0131 mevzuata ve standartlara uygun, ba\u011f\u0131ms\u0131z dan\u0131\u015fmanl\u0131k ve e\u011fitim hizmetleri vererek, g\u00fcmr\u00fck ve d\u0131\u015f ticaret alanlar\u0131nda ilk akla gelen ve tercih edilen uluslararas\u0131 dan\u0131\u015fmanl\u0131k firmalar\u0131 aras\u0131nda yer almakt\u0131r.<\/p>\n<p><strong>Misyonumuz:<\/strong><\/p>\n<p>Saka Dan\u0131\u015fmanl\u0131k \u015firketinin misyonu, ulusal ve uluslararas\u0131 geni\u015f bir tecr\u00fcbeye sahip tak\u0131m arkada\u015flar\u0131 ile birlikte, ulusal ve uluslararas\u0131 yasal \u00e7er\u00e7eve, standartlar ve en \u00f6nemlisi en iyi uygulama \u00f6rnekleri ile veri kaynaklar\u0131n\u0131 payla\u015farak;<\/p>\n<ul>\n<li>M\u00fc\u015fterilerine kaliteli, g\u00fcvenilir, uygun ve uygulanabilir dan\u0131\u015fmanl\u0131k hizmetleri vermek;<\/li>\n<li>\u0130\u015f ortaklar\u0131n\u0131n, g\u00fcmr\u00fck ve d\u0131\u015f ticaret alan\u0131nda kar\u015f\u0131la\u015faca\u011f\u0131 muhtemel sorunlara kar\u015f\u0131 zaman\u0131nda ve etkin \u00e7\u00f6z\u00fcmler \u00f6nermek suretiyle do\u011fabilecek maliyet ve di\u011fer kay\u0131plar\u0131na engel olmak.<\/li>\n<\/ul>\n<p><strong>\u015eirketimizin temel de\u011ferleri:<\/strong><\/p>\n<ul>\n<li>Ba\u011f\u0131ms\u0131zl\u0131k<\/li>\n<li>Sorumluluk<\/li>\n<li>G\u00fcvenirlilik<\/li>\n<li>\u00d6zg\u00fcnl\u00fck<\/li>\n<li>Uluslararas\u0131 standartlar<\/li>\n<li>M\u00fc\u015fteri ve sonu\u00e7 odakl\u0131l\u0131k<\/li>\n<li>M\u00fckemmellik<\/li>\n<li>Yenilik\u00e7i \u00e7\u00f6z\u00fcmler<\/li>\n<\/ul>\n","protected":false},"excerpt":{"rendered":"<p>Ercan Saka G\u00fcmr\u00fck ve D\u0131\u015f Ticaret Dan\u0131\u015fmanl\u0131\u011f\u0131 k\u0131saca Saka Dan\u0131\u015fmanl\u0131k kurucusu Ercan Saka\u2019n\u0131n \u00f6nc\u00fcl\u00fc\u011f\u00fcnde, sayg\u0131de\u011fer ve konular\u0131nda uzman tecr\u00fcbeli tak\u0131m arkada\u015flar\u0131 ile birlikte, G\u00fcmr\u00fck prosed\u00fcrleri ve<span class=\"excerpt-hellip\"> [\u2026]<\/span><\/p>\n","protected":false},"author":1,"featured_media":0,"parent":0,"menu_order":0,"comment_status":"closed","ping_status":"closed","template":"","meta":{"rs_blank_template":"","rs_page_bg_color":"","slide_template_v7":"","footnotes":""},"class_list":["post-38","page","type-page","status-publish","hentry"],"_links":{"self":[{"href":"https:\/\/www.sakaconsulting.com\/tr\/wp-json\/wp\/v2\/pages\/38","targetHints":{"allow":["GET"]}}],"collection":[{"href":"https:\/\/www.sakaconsulting.com\/tr\/wp-json\/wp\/v2\/pages"}],"about":[{"href":"https:\/\/www.sakaconsulting.com\/tr\/wp-json\/wp\/v2\/types\/page"}],"author":[{"embeddable":true,"href":"https:\/\/www.sakaconsulting.com\/tr\/wp-json\/wp\/v2\/users\/1"}],"replies":[{"embeddable":true,"href":"https:\/\/www.sakaconsulting.com\/tr\/wp-json\/wp\/v2\/comments?post=38"}],"version-history":[{"count":0,"href":"https:\/\/www.sakaconsulting.com\/tr\/wp-json\/wp\/v2\/pages\/38\/revisions"}],"wp:attachment":[{"href":"https:\/\/www.sakaconsulting.com\/tr\/wp-json\/wp\/v2\/media?parent=38"}],"curies":[{"name":"wp","href":"https:\/\/api.w.org\/{rel}","templated":true}]}}